{"id":5288,"date":"2024-10-29T18:50:51","date_gmt":"2024-10-29T17:50:51","guid":{"rendered":"https:\/\/romaarteinnuvola.eu\/?page_id=5288"},"modified":"2025-02-07T12:51:28","modified_gmt":"2025-02-07T11:51:28","slug":"guest-country-2024","status":"publish","type":"page","link":"https:\/\/romaarteinnuvola.eu\/en\/guest-country-2024\/","title":{"rendered":"Guest Country 2024"},"content":{"rendered":"<div class=\"wpb-content-wrapper\"><p>[vc_row css_animation=&#8221;&#8221; row_type=&#8221;row&#8221; use_row_as_full_screen_section=&#8221;no&#8221; type=&#8221;grid&#8221; angled_section=&#8221;no&#8221; text_align=&#8221;left&#8221; background_image_as_pattern=&#8221;without_pattern&#8221; z_index=&#8221;&#8221; css=&#8221;.vc_custom_1697457755357{padding-top: 60px !important;}&#8221;][vc_column][vc_column_text css=&#8221;&#8221;]<\/p>\n<h2 class=\"titolo-pagina\">Guest Country 2024<\/h2>\n<p>[\/vc_column_text][\/vc_column][\/vc_row][vc_row css_animation=&#8221;&#8221; row_type=&#8221;row&#8221; use_row_as_full_screen_section=&#8221;no&#8221; type=&#8221;grid&#8221; angled_section=&#8221;no&#8221; text_align=&#8221;left&#8221; background_image_as_pattern=&#8221;without_pattern&#8221; z_index=&#8221;&#8221; css=&#8221;.vc_custom_1697533931325{padding-top: 60px !important;}&#8221;][vc_column][vc_column_text css=&#8221;&#8221;]<strong style=\"color: #3b77aa; font-size: 32px;\">PORTUGAL<\/strong><\/p>\n<p><strong>Roma Arte in Nuvola<\/strong> welcomed <strong>Portugal<\/strong> as the <strong>Guest Country<\/strong>, presenting a <strong>selection of works<\/strong> from the <strong>Portuguese State Contemporary Art Collection<\/strong>. The exhibition, organized by the <strong>Portuguese Ministry of Culture<\/strong> and the <strong>Embassy of Portugal in Rome<\/strong>, was curated by <strong>Sandra Vieira J\u00fcrgens<\/strong>.<\/p>\n<h4><strong>Uma Volta ao Sol (A Trip Around the Sun)<\/strong><\/h4>\n<p>The exhibition <strong>Uma Volta ao Sol<\/strong> invited visitors to <strong>discover<\/strong> a selection of works by the <strong>new generation of Portuguese artists<\/strong>.<\/p>\n<p>Through a diverse range of <strong>artists, styles, and mediums<\/strong>\u2014including <strong>painting and sculpture<\/strong>\u2014the exhibition explored various <strong>artistic practices, creative approaches, and conceptual reflections<\/strong>. A distinctive feature among the showcased artists was the <strong>use of irony<\/strong> in addressing their themes, along with a <strong>playful engagement with humor<\/strong> to highlight relationships between <strong>physical forms, ideas, and artistic expression<\/strong>. Their works emphasized both the <strong>literal and metaphorical<\/strong> aspects of images and narratives, inviting visitors to interpret them in multiple ways.<\/p>\n<p>Encouraging an <strong>interactive and playful experience with art<\/strong>, the exhibition featured pieces that engaged closely with <strong>life and society<\/strong>, often adopting a <strong>porous and flexible<\/strong> approach while <strong>maintaining a critical stance<\/strong> toward cultural and socio-political realities.<\/p>\n<p>The <strong>Portuguese State Contemporary Art Collection<\/strong> (<strong>CACE \u2013 Cole\u00e7\u00e3o de Arte Contempor\u00e2nea do Estado Portugu\u00eas<\/strong>) was established in <strong>1976<\/strong> to create a <strong>representative collection of Portugal\u2019s visual arts<\/strong>. Today, it operates under the supervision of <strong>Museus e Monumentos de Portugal<\/strong>.<\/p>\n<p>Recognizing the <strong>importance of maintaining and expanding the collection<\/strong>, the <strong>Portuguese Ministry of Culture<\/strong> recently resumed <strong>new acquisitions<\/strong>, which had been halted since 2000. The current acquisitions focus on <strong>young artists, an increased representation of women artists, and works that reflect the evolving landscape of contemporary artistic practices<\/strong>.<\/p>\n<p>This exhibition was part of <strong>CACE\u2019s international circulation program<\/strong>, which aims to <strong>promote Portuguese artists abroad<\/strong> and enhance their global visibility.[\/vc_column_text][vc_empty_space height=&#8221;90px&#8221;][\/vc_column][\/vc_row][vc_row css_animation=&#8221;&#8221; row_type=&#8221;row&#8221; use_row_as_full_screen_section=&#8221;no&#8221; type=&#8221;grid&#8221; angled_section=&#8221;no&#8221; text_align=&#8221;left&#8221; background_image_as_pattern=&#8221;without_pattern&#8221; z_index=&#8221;&#8221;][vc_column offset=&#8221;vc_hidden-lg vc_hidden-md vc_hidden-sm vc_hidden-xs&#8221;][vc_gallery type=&#8221;image_grid&#8221; img_size=&#8221;medium&#8221; column_number=&#8221;5&#8243; grayscale=&#8221;yes&#8221; images_space=&#8221;gallery_with_space&#8221;][vc_empty_space height=&#8221;60px&#8221;][\/vc_column][\/vc_row]<\/p>\n<\/div>","protected":false},"excerpt":{"rendered":"<p>[vc_row css_animation=&#8221;&#8221; row_type=&#8221;row&#8221; use_row_as_full_screen_section=&#8221;no&#8221; type=&#8221;grid&#8221; angled_section=&#8221;no&#8221; text_align=&#8221;left&#8221; background_image_as_pattern=&#8221;without_pattern&#8221; z_index=&#8221;&#8221; css=&#8221;.vc_custom_1697457755357{padding-top: 60px !important;}&#8221;][vc_column][vc_column_text css=&#8221;&#8221;] Guest Country 2024 [\/vc_column_text][\/vc_column][\/vc_row][vc_row css_animation=&#8221;&#8221; row_type=&#8221;row&#8221; use_row_as_full_screen_section=&#8221;no&#8221; type=&#8221;grid&#8221; angled_section=&#8221;no&#8221; text_align=&#8221;left&#8221; background_image_as_pattern=&#8221;without_pattern&#8221; z_index=&#8221;&#8221; css=&#8221;.vc_custom_1697533931325{padding-top: 60px !important;}&#8221;][vc_column][vc_column_text css=&#8221;&#8221;]PORTUGAL Roma Arte in Nuvola welcomed Portugal as the Guest Country, presenting a selection of works from&#8230;<\/p>\n","protected":false},"author":1,"featured_media":0,"parent":0,"menu_order":0,"comment_status":"closed","ping_status":"closed","template":"full_width.php","meta":{"footnotes":""},"class_list":["post-5288","page","type-page","status-publish","hentry"],"yoast_head":"<!-- This site is optimized with the Yoast SEO plugin v27.1.1 - https:\/\/yoast.com\/product\/yoast-seo-wordpress\/ -->\n<title>Guest Country 2024 - Roma Arte in Nuvola<\/title>\n<meta name=\"description\" content=\"Roma Arte in Nuvola welcomed Portugal as the Guest Country, presenting a selection of works from the Portuguese State Contemporary Art Collection.\" \/>\n<meta name=\"robots\" content=\"index, follow, max-snippet:-1, max-image-preview:large, max-video-preview:-1\" \/>\n<link rel=\"canonical\" href=\"https:\/\/romaarteinnuvola.eu\/en\/guest-country-2024\/\" \/>\n<meta property=\"og:locale\" content=\"en_US\" \/>\n<meta property=\"og:type\" content=\"article\" \/>\n<meta property=\"og:title\" content=\"Guest Country 2024 - Roma Arte in Nuvola\" \/>\n<meta property=\"og:description\" content=\"Roma Arte in Nuvola welcomed Portugal as the Guest Country, presenting a selection of works from the Portuguese State Contemporary Art Collection.\" \/>\n<meta property=\"og:url\" content=\"https:\/\/romaarteinnuvola.eu\/en\/guest-country-2024\/\" \/>\n<meta property=\"og:site_name\" content=\"Roma Arte in Nuvola\" \/>\n<meta property=\"article:publisher\" content=\"https:\/\/www.facebook.com\/romaarteinnuvola\/\" \/>\n<meta property=\"article:modified_time\" content=\"2025-02-07T11:51:28+00:00\" \/>\n<meta property=\"og:image\" content=\"https:\/\/romaarteinnuvola.eu\/wp-content\/uploads\/2025\/10\/slidehome_RAN_2025.jpg\" \/>\n\t<meta property=\"og:image:width\" content=\"1920\" \/>\n\t<meta property=\"og:image:height\" content=\"1100\" \/>\n\t<meta property=\"og:image:type\" content=\"image\/jpeg\" \/>\n<meta name=\"twitter:card\" content=\"summary_large_image\" \/>\n<meta name=\"twitter:label1\" content=\"Est. reading time\" \/>\n\t<meta name=\"twitter:data1\" content=\"2 minutes\" \/>\n<script type=\"application\/ld+json\" class=\"yoast-schema-graph\">{\"@context\":\"https:\/\/schema.org\",\"@graph\":[{\"@type\":\"WebPage\",\"@id\":\"https:\/\/romaarteinnuvola.eu\/en\/guest-country-2024\/\",\"url\":\"https:\/\/romaarteinnuvola.eu\/en\/guest-country-2024\/\",\"name\":\"Guest Country 2024 - Roma Arte in Nuvola\",\"isPartOf\":{\"@id\":\"https:\/\/romaarteinnuvola.eu\/#website\"},\"datePublished\":\"2024-10-29T17:50:51+00:00\",\"dateModified\":\"2025-02-07T11:51:28+00:00\",\"description\":\"Roma Arte in Nuvola welcomed Portugal as the Guest Country, presenting a selection of works from the Portuguese State Contemporary Art Collection.\",\"breadcrumb\":{\"@id\":\"https:\/\/romaarteinnuvola.eu\/en\/guest-country-2024\/#breadcrumb\"},\"inLanguage\":\"en-US\",\"potentialAction\":[{\"@type\":\"ReadAction\",\"target\":[\"https:\/\/romaarteinnuvola.eu\/en\/guest-country-2024\/\"]}]},{\"@type\":\"BreadcrumbList\",\"@id\":\"https:\/\/romaarteinnuvola.eu\/en\/guest-country-2024\/#breadcrumb\",\"itemListElement\":[{\"@type\":\"ListItem\",\"position\":1,\"name\":\"Home\",\"item\":\"https:\/\/romaarteinnuvola.eu\/en\/\"},{\"@type\":\"ListItem\",\"position\":2,\"name\":\"Guest Country 2024\"}]},{\"@type\":\"WebSite\",\"@id\":\"https:\/\/romaarteinnuvola.eu\/#website\",\"url\":\"https:\/\/romaarteinnuvola.eu\/\",\"name\":\"Roma Arte in Nuvola\",\"description\":\"Fiera Internazionale di Arte Moderna e Contemporanea\",\"publisher\":{\"@id\":\"https:\/\/romaarteinnuvola.eu\/#organization\"},\"alternateName\":\"Roma Arte in Nuvola\",\"potentialAction\":[{\"@type\":\"SearchAction\",\"target\":{\"@type\":\"EntryPoint\",\"urlTemplate\":\"https:\/\/romaarteinnuvola.eu\/?s={search_term_string}\"},\"query-input\":{\"@type\":\"PropertyValueSpecification\",\"valueRequired\":true,\"valueName\":\"search_term_string\"}}],\"inLanguage\":\"en-US\"},{\"@type\":\"Organization\",\"@id\":\"https:\/\/romaarteinnuvola.eu\/#organization\",\"name\":\"Roma Arte in Nuvola\",\"url\":\"https:\/\/romaarteinnuvola.eu\/\",\"logo\":{\"@type\":\"ImageObject\",\"inLanguage\":\"en-US\",\"@id\":\"https:\/\/romaarteinnuvola.eu\/#\/schema\/logo\/image\/\",\"url\":\"https:\/\/romaarteinnuvola.eu\/wp-content\/uploads\/2025\/10\/slidehome_RAN_2025.jpg\",\"contentUrl\":\"https:\/\/romaarteinnuvola.eu\/wp-content\/uploads\/2025\/10\/slidehome_RAN_2025.jpg\",\"width\":1920,\"height\":1100,\"caption\":\"Roma Arte in Nuvola\"},\"image\":{\"@id\":\"https:\/\/romaarteinnuvola.eu\/#\/schema\/logo\/image\/\"},\"sameAs\":[\"https:\/\/www.facebook.com\/romaarteinnuvola\/\",\"https:\/\/www.instagram.com\/romaarteinnuvola\/\"]}]}<\/script>\n<!-- \/ Yoast SEO plugin. -->","yoast_head_json":{"title":"Guest Country 2024 - Roma Arte in Nuvola","description":"Roma Arte in Nuvola welcomed Portugal as the Guest Country, presenting a selection of works from the Portuguese State Contemporary Art Collection.","robots":{"index":"index","follow":"follow","max-snippet":"max-snippet:-1","max-image-preview":"max-image-preview:large","max-video-preview":"max-video-preview:-1"},"canonical":"https:\/\/romaarteinnuvola.eu\/en\/guest-country-2024\/","og_locale":"en_US","og_type":"article","og_title":"Guest Country 2024 - Roma Arte in Nuvola","og_description":"Roma Arte in Nuvola welcomed Portugal as the Guest Country, presenting a selection of works from the Portuguese State Contemporary Art Collection.","og_url":"https:\/\/romaarteinnuvola.eu\/en\/guest-country-2024\/","og_site_name":"Roma Arte in Nuvola","article_publisher":"https:\/\/www.facebook.com\/romaarteinnuvola\/","article_modified_time":"2025-02-07T11:51:28+00:00","og_image":[{"width":1920,"height":1100,"url":"https:\/\/romaarteinnuvola.eu\/wp-content\/uploads\/2025\/10\/slidehome_RAN_2025.jpg","type":"image\/jpeg"}],"twitter_card":"summary_large_image","twitter_misc":{"Est. reading time":"2 minutes"},"schema":{"@context":"https:\/\/schema.org","@graph":[{"@type":"WebPage","@id":"https:\/\/romaarteinnuvola.eu\/en\/guest-country-2024\/","url":"https:\/\/romaarteinnuvola.eu\/en\/guest-country-2024\/","name":"Guest Country 2024 - Roma Arte in Nuvola","isPartOf":{"@id":"https:\/\/romaarteinnuvola.eu\/#website"},"datePublished":"2024-10-29T17:50:51+00:00","dateModified":"2025-02-07T11:51:28+00:00","description":"Roma Arte in Nuvola welcomed Portugal as the Guest Country, presenting a selection of works from the Portuguese State Contemporary Art Collection.","breadcrumb":{"@id":"https:\/\/romaarteinnuvola.eu\/en\/guest-country-2024\/#breadcrumb"},"inLanguage":"en-US","potentialAction":[{"@type":"ReadAction","target":["https:\/\/romaarteinnuvola.eu\/en\/guest-country-2024\/"]}]},{"@type":"BreadcrumbList","@id":"https:\/\/romaarteinnuvola.eu\/en\/guest-country-2024\/#breadcrumb","itemListElement":[{"@type":"ListItem","position":1,"name":"Home","item":"https:\/\/romaarteinnuvola.eu\/en\/"},{"@type":"ListItem","position":2,"name":"Guest Country 2024"}]},{"@type":"WebSite","@id":"https:\/\/romaarteinnuvola.eu\/#website","url":"https:\/\/romaarteinnuvola.eu\/","name":"Roma Arte in Nuvola","description":"Fiera Internazionale di Arte Moderna e Contemporanea","publisher":{"@id":"https:\/\/romaarteinnuvola.eu\/#organization"},"alternateName":"Roma Arte in Nuvola","potentialAction":[{"@type":"SearchAction","target":{"@type":"EntryPoint","urlTemplate":"https:\/\/romaarteinnuvola.eu\/?s={search_term_string}"},"query-input":{"@type":"PropertyValueSpecification","valueRequired":true,"valueName":"search_term_string"}}],"inLanguage":"en-US"},{"@type":"Organization","@id":"https:\/\/romaarteinnuvola.eu\/#organization","name":"Roma Arte in Nuvola","url":"https:\/\/romaarteinnuvola.eu\/","logo":{"@type":"ImageObject","inLanguage":"en-US","@id":"https:\/\/romaarteinnuvola.eu\/#\/schema\/logo\/image\/","url":"https:\/\/romaarteinnuvola.eu\/wp-content\/uploads\/2025\/10\/slidehome_RAN_2025.jpg","contentUrl":"https:\/\/romaarteinnuvola.eu\/wp-content\/uploads\/2025\/10\/slidehome_RAN_2025.jpg","width":1920,"height":1100,"caption":"Roma Arte in Nuvola"},"image":{"@id":"https:\/\/romaarteinnuvola.eu\/#\/schema\/logo\/image\/"},"sameAs":["https:\/\/www.facebook.com\/romaarteinnuvola\/","https:\/\/www.instagram.com\/romaarteinnuvola\/"]}]}},"_links":{"self":[{"href":"https:\/\/romaarteinnuvola.eu\/en\/wp-json\/wp\/v2\/pages\/5288","targetHints":{"allow":["GET"]}}],"collection":[{"href":"https:\/\/romaarteinnuvola.eu\/en\/wp-json\/wp\/v2\/pages"}],"about":[{"href":"https:\/\/romaarteinnuvola.eu\/en\/wp-json\/wp\/v2\/types\/page"}],"author":[{"embeddable":true,"href":"https:\/\/romaarteinnuvola.eu\/en\/wp-json\/wp\/v2\/users\/1"}],"replies":[{"embeddable":true,"href":"https:\/\/romaarteinnuvola.eu\/en\/wp-json\/wp\/v2\/comments?post=5288"}],"version-history":[{"count":2,"href":"https:\/\/romaarteinnuvola.eu\/en\/wp-json\/wp\/v2\/pages\/5288\/revisions"}],"predecessor-version":[{"id":5290,"href":"https:\/\/romaarteinnuvola.eu\/en\/wp-json\/wp\/v2\/pages\/5288\/revisions\/5290"}],"wp:attachment":[{"href":"https:\/\/romaarteinnuvola.eu\/en\/wp-json\/wp\/v2\/media?parent=5288"}],"curies":[{"name":"wp","href":"https:\/\/api.w.org\/{rel}","templated":true}]}}